{"id":255,"date":"2017-08-03T14:44:09","date_gmt":"2017-08-03T14:44:09","guid":{"rendered":"http:\/\/localhost\/air\/?page_id=255"},"modified":"2024-10-27T08:46:28","modified_gmt":"2024-10-27T08:46:28","slug":"our-services","status":"publish","type":"page","link":"https:\/\/h-dep.com\/fr\/our-services\/","title":{"rendered":"Our Services"},"content":{"rendered":"<section class=\"wpb-content-wrapper\"><div class=\"vc_row wpb_row vc_row-fluid\"><div class=\"wpb_column vc_column_container vc_col-sm-12 sc_layouts_column_icons_position_left\"><div class=\"vc_column-inner\"><div class=\"wpb_wrapper\"><div id=\"sc_services_749929615\" class=\"sc_services color_style_default sc_services_light sc_services_featured_top  vc_custom_1730018753809\"><h3 class=\"sc_item_title sc_services_title sc_align_center sc_item_title_style_default\">Our Professional Drone Services<\/h3><div class=\"sc_item_descr sc_services_descr sc_align_center\"><p>\"H-DEP, we offer a comprehensive range of drone services to help you achieve your project goals efficiently and affordably. Our expert team leverages cutting-edge drone technology to deliver high-quality results across multiple industries. Whether you need stunning visuals, precise data collection, or detailed inspections, we\u2019ve got you covered.<\/p>\n<\/div><div class=\"sc_services_columns_wrap sc_item_columns sc_item_columns_2 trx_addons_columns_wrap columns_padding_bottom\"><div class=\"trx_addons_column-1_2\"><div class=\"sc_services_item with_content with_image sc_services_item_featured_top\">\n\t<div class=\"post_featured with_thumb hover_icon sc_services_item_thumb\"><img fetchpriority=\"high\" decoding=\"async\" width=\"500\" height=\"470\" src=\"https:\/\/h-dep.com\/wp-content\/uploads\/2024\/10\/Untitled-design-500x470.jpg\" class=\"attachment-drone_media-thumb-big size-drone_media-thumb-big wp-post-image\" alt=\"\" \/><div class=\"mask\"><\/div><div class=\"icons\"><a href=\"https:\/\/h-dep.com\/fr\/services\/aerial-videography\/\" aria-hidden=\"true\" class=\"icon-search-alt\"><\/a><\/div><\/div>\t\n\t<div class=\"sc_services_item_info\">\n\t\t<div class=\"sc_services_item_header\">\n\t\t\t\t\t\t<h6 class=\"sc_services_item_title\">\n\t\t\t\n\t\t\t                <a href=\"https:\/\/h-dep.com\/fr\/services\/aerial-videography\/\">Vid\u00e9ographie a\u00e9rienne<\/a>\n            \n        <\/h6>\n\t\t\t<div class=\"sc_services_item_subtitle\"><a href=\"https:\/\/h-dep.com\/fr\/services_group\/featured-services\/\" title=\"View all posts in Featured Services\">Featured Services<\/a><\/div>\t\t<\/div>\n\t\t\t\t\t<div class=\"sc_services_item_content\"><p>Donnez une nouvelle dimension \u00e0 votre marque ou \u00e0 vos moments personnels gr\u00e2ce \u00e0 nos services experts de vid\u00e9ographie a\u00e9rienne !<\/p>\n<\/div>\n\t\t\t<div class=\"sc_services_item_button sc_item_button\"><a href=\"https:\/\/h-dep.com\/fr\/services\/aerial-videography\/\" class=\"sc_button sc_button_simple\">Learn more<\/a><\/div>\n\t\t\t<\/div>\n<\/div>\n<\/div><div class=\"trx_addons_column-1_2\"><div class=\"sc_services_item with_content with_image sc_services_item_featured_top\">\n\t<div class=\"post_featured with_thumb hover_icon sc_services_item_thumb\"><img decoding=\"async\" width=\"500\" height=\"470\" src=\"https:\/\/h-dep.com\/wp-content\/uploads\/2024\/10\/Untitled-design-1-500x470.jpg\" class=\"attachment-drone_media-thumb-big size-drone_media-thumb-big wp-post-image\" alt=\"\" \/><div class=\"mask\"><\/div><div class=\"icons\"><a href=\"https:\/\/h-dep.com\/fr\/services\/aerial-cinematography\/\" aria-hidden=\"true\" class=\"icon-search-alt\"><\/a><\/div><\/div>\t\n\t<div class=\"sc_services_item_info\">\n\t\t<div class=\"sc_services_item_header\">\n\t\t\t\t\t\t<h6 class=\"sc_services_item_title\">\n\t\t\t\n\t\t\t                <a href=\"https:\/\/h-dep.com\/fr\/services\/aerial-cinematography\/\">Cin\u00e9matographie a\u00e9rienne<\/a>\n            \n        <\/h6>\n\t\t\t<div class=\"sc_services_item_subtitle\"><a href=\"https:\/\/h-dep.com\/fr\/services_group\/featured-services\/\" title=\"View all posts in Featured Services\">Featured Services<\/a><\/div>\t\t<\/div>\n\t\t\t\t\t<div class=\"sc_services_item_content\"><p>Transformez votre vision cr\u00e9ative gr\u00e2ce \u00e0 des prises de vue a\u00e9riennes \u00e0 couper le souffle qui captivent et inspirent !<\/p>\n<\/div>\n\t\t\t<div class=\"sc_services_item_button sc_item_button\"><a href=\"https:\/\/h-dep.com\/fr\/services\/aerial-cinematography\/\" class=\"sc_button sc_button_simple\">Learn more<\/a><\/div>\n\t\t\t<\/div>\n<\/div>\n<\/div><div class=\"trx_addons_column-1_2\"><div class=\"sc_services_item with_content with_image sc_services_item_featured_top\">\n\t<div class=\"post_featured with_thumb hover_icon sc_services_item_thumb\"><img decoding=\"async\" width=\"500\" height=\"470\" src=\"https:\/\/h-dep.com\/wp-content\/uploads\/2024\/10\/3-500x470.jpg\" class=\"attachment-drone_media-thumb-big size-drone_media-thumb-big wp-post-image\" alt=\"\" \/><div class=\"mask\"><\/div><div class=\"icons\"><a href=\"https:\/\/h-dep.com\/fr\/services\/arial-inspection-with-thermal-cameras\/\" aria-hidden=\"true\" class=\"icon-search-alt\"><\/a><\/div><\/div>\t\n\t<div class=\"sc_services_item_info\">\n\t\t<div class=\"sc_services_item_header\">\n\t\t\t\t\t\t<h6 class=\"sc_services_item_title\">\n\t\t\t\n\t\t\t                <a href=\"https:\/\/h-dep.com\/fr\/services\/arial-inspection-with-thermal-cameras\/\">Inspection a\u00e9rienne avec cam\u00e9ras thermiques<\/a>\n            \n        <\/h6>\n\t\t\t<div class=\"sc_services_item_subtitle\"><a href=\"https:\/\/h-dep.com\/fr\/services_group\/featured-services\/\" title=\"View all posts in Featured Services\">Featured Services<\/a><\/div>\t\t<\/div>\n\t\t\t\t\t<div class=\"sc_services_item_content\"><p>Assurez le bon d\u00e9roulement et l'efficacit\u00e9 de vos op\u00e9rations gr\u00e2ce \u00e0 nos services d'inspection thermique a\u00e9rienne !<\/p>\n<\/div>\n\t\t\t<div class=\"sc_services_item_button sc_item_button\"><a href=\"https:\/\/h-dep.com\/fr\/services\/arial-inspection-with-thermal-cameras\/\" class=\"sc_button sc_button_simple\">Learn more<\/a><\/div>\n\t\t\t<\/div>\n<\/div>\n<\/div><div class=\"trx_addons_column-1_2\"><div class=\"sc_services_item with_content with_image sc_services_item_featured_top\">\n\t<div class=\"post_featured with_thumb hover_icon sc_services_item_thumb\"><img loading=\"lazy\" decoding=\"async\" width=\"500\" height=\"470\" src=\"https:\/\/h-dep.com\/wp-content\/uploads\/2024\/10\/Untitled-design-500x470.png\" class=\"attachment-drone_media-thumb-big size-drone_media-thumb-big wp-post-image\" alt=\"\" \/><div class=\"mask\"><\/div><div class=\"icons\"><a href=\"https:\/\/h-dep.com\/fr\/services\/events\/\" aria-hidden=\"true\" class=\"icon-search-alt\"><\/a><\/div><\/div>\t\n\t<div class=\"sc_services_item_info\">\n\t\t<div class=\"sc_services_item_header\">\n\t\t\t\t\t\t<h6 class=\"sc_services_item_title\">\n\t\t\t\n\t\t\t                <a href=\"https:\/\/h-dep.com\/fr\/services\/events\/\">\u00c9v\u00e9nements<\/a>\n            \n        <\/h6>\n\t\t\t<div class=\"sc_services_item_subtitle\"><a href=\"https:\/\/h-dep.com\/fr\/services_group\/featured-services\/\" title=\"View all posts in Featured Services\">Featured Services<\/a><\/div>\t\t<\/div>\n\t\t\t\t\t<div class=\"sc_services_item_content\"><p>Rendez votre \u00e9v\u00e9nement inoubliable gr\u00e2ce \u00e0 une couverture a\u00e9rienne spectaculaire qui se d\u00e9marque vraiment !<\/p>\n<\/div>\n\t\t\t<div class=\"sc_services_item_button sc_item_button\"><a href=\"https:\/\/h-dep.com\/fr\/services\/events\/\" class=\"sc_button sc_button_simple\">Learn more<\/a><\/div>\n\t\t\t<\/div>\n<\/div>\n<\/div><\/div><\/div><!-- \/.sc_services --><\/div><\/div><\/div><\/div>\n<\/section>","protected":false},"excerpt":{"rendered":"Events Elevate your event with stunning aerial footage that captures the excitement and energy from a whole new perspective. Whether it's a wedding, concert, festival, or corporate event, our drone services provide high-quality, cinematic coverage that showcases every detail from unique angles. Our professional drone pilots use the latest technology to capture sweeping views, crowd shots, and dynamic moments that&hellip;","protected":false},"author":1,"featured_media":0,"parent":0,"menu_order":0,"comment_status":"closed","ping_status":"closed","template":"","meta":{"_monsterinsights_skip_tracking":false,"_monsterinsights_sitenote_active":false,"_monsterinsights_sitenote_note":"","_monsterinsights_sitenote_category":0,"_uf_show_specific_survey":0,"_uf_disable_surveys":false,"footnotes":""},"class_list":["post-255","page","type-page","status-publish","hentry"],"yoast_head":"<!-- This site is optimized with the Yoast SEO plugin v27.5 - https:\/\/yoast.com\/product\/yoast-seo-wordpress\/ -->\n<title>Our Services - Drone Media<\/title>\n<meta name=\"robots\" content=\"index, follow, max-snippet:-1, max-image-preview:large, max-video-preview:-1\" \/>\n<link rel=\"canonical\" href=\"https:\/\/h-dep.com\/fr\/our-services\/\" \/>\n<meta property=\"og:locale\" content=\"fr_FR\" \/>\n<meta property=\"og:type\" content=\"article\" \/>\n<meta property=\"og:title\" content=\"Our Services - Drone Media\" \/>\n<meta property=\"og:url\" content=\"https:\/\/h-dep.com\/fr\/our-services\/\" \/>\n<meta property=\"og:site_name\" content=\"Drone Media\" \/>\n<meta property=\"article:modified_time\" content=\"2024-10-27T08:46:28+00:00\" \/>\n<meta name=\"twitter:card\" content=\"summary_large_image\" \/>\n<meta name=\"twitter:label1\" content=\"Dur\u00e9e de lecture estim\u00e9e\" \/>\n\t<meta name=\"twitter:data1\" content=\"1 minute\" \/>\n<script type=\"application\/ld+json\" class=\"yoast-schema-graph\">{\"@context\":\"https:\\\/\\\/schema.org\",\"@graph\":[{\"@type\":\"WebPage\",\"@id\":\"https:\\\/\\\/h-dep.com\\\/our-services\\\/\",\"url\":\"https:\\\/\\\/h-dep.com\\\/our-services\\\/\",\"name\":\"Our Services - Drone Media\",\"isPartOf\":{\"@id\":\"https:\\\/\\\/h-dep.com\\\/#website\"},\"datePublished\":\"2017-08-03T14:44:09+00:00\",\"dateModified\":\"2024-10-27T08:46:28+00:00\",\"breadcrumb\":{\"@id\":\"https:\\\/\\\/h-dep.com\\\/our-services\\\/#breadcrumb\"},\"inLanguage\":\"fr-FR\",\"potentialAction\":[{\"@type\":\"ReadAction\",\"target\":[\"https:\\\/\\\/h-dep.com\\\/our-services\\\/\"]}]},{\"@type\":\"BreadcrumbList\",\"@id\":\"https:\\\/\\\/h-dep.com\\\/our-services\\\/#breadcrumb\",\"itemListElement\":[{\"@type\":\"ListItem\",\"position\":1,\"name\":\"Home\",\"item\":\"https:\\\/\\\/h-dep.com\\\/\"},{\"@type\":\"ListItem\",\"position\":2,\"name\":\"Our Services\"}]},{\"@type\":\"WebSite\",\"@id\":\"https:\\\/\\\/h-dep.com\\\/#website\",\"url\":\"https:\\\/\\\/h-dep.com\\\/\",\"name\":\"Drone Media\",\"description\":\"Aerial Photography Services\",\"potentialAction\":[{\"@type\":\"SearchAction\",\"target\":{\"@type\":\"EntryPoint\",\"urlTemplate\":\"https:\\\/\\\/h-dep.com\\\/?s={search_term_string}\"},\"query-input\":{\"@type\":\"PropertyValueSpecification\",\"valueRequired\":true,\"valueName\":\"search_term_string\"}}],\"inLanguage\":\"fr-FR\"}]}<\/script>\n<!-- \/ Yoast SEO plugin. -->","yoast_head_json":{"title":"Our Services - Drone Media","robots":{"index":"index","follow":"follow","max-snippet":"max-snippet:-1","max-image-preview":"max-image-preview:large","max-video-preview":"max-video-preview:-1"},"canonical":"https:\/\/h-dep.com\/fr\/our-services\/","og_locale":"fr_FR","og_type":"article","og_title":"Our Services - Drone Media","og_url":"https:\/\/h-dep.com\/fr\/our-services\/","og_site_name":"Drone Media","article_modified_time":"2024-10-27T08:46:28+00:00","twitter_card":"summary_large_image","twitter_misc":{"Dur\u00e9e de lecture estim\u00e9e":"1 minute"},"schema":{"@context":"https:\/\/schema.org","@graph":[{"@type":"WebPage","@id":"https:\/\/h-dep.com\/our-services\/","url":"https:\/\/h-dep.com\/our-services\/","name":"Our Services - Drone Media","isPartOf":{"@id":"https:\/\/h-dep.com\/#website"},"datePublished":"2017-08-03T14:44:09+00:00","dateModified":"2024-10-27T08:46:28+00:00","breadcrumb":{"@id":"https:\/\/h-dep.com\/our-services\/#breadcrumb"},"inLanguage":"fr-FR","potentialAction":[{"@type":"ReadAction","target":["https:\/\/h-dep.com\/our-services\/"]}]},{"@type":"BreadcrumbList","@id":"https:\/\/h-dep.com\/our-services\/#breadcrumb","itemListElement":[{"@type":"ListItem","position":1,"name":"Home","item":"https:\/\/h-dep.com\/"},{"@type":"ListItem","position":2,"name":"Our Services"}]},{"@type":"WebSite","@id":"https:\/\/h-dep.com\/#website","url":"https:\/\/h-dep.com\/","name":"Drone Media","description":"Aerial Photography Services","potentialAction":[{"@type":"SearchAction","target":{"@type":"EntryPoint","urlTemplate":"https:\/\/h-dep.com\/?s={search_term_string}"},"query-input":{"@type":"PropertyValueSpecification","valueRequired":true,"valueName":"search_term_string"}}],"inLanguage":"fr-FR"}]}},"_links":{"self":[{"href":"https:\/\/h-dep.com\/fr\/wp-json\/wp\/v2\/pages\/255","targetHints":{"allow":["GET"]}}],"collection":[{"href":"https:\/\/h-dep.com\/fr\/wp-json\/wp\/v2\/pages"}],"about":[{"href":"https:\/\/h-dep.com\/fr\/wp-json\/wp\/v2\/types\/page"}],"author":[{"embeddable":true,"href":"https:\/\/h-dep.com\/fr\/wp-json\/wp\/v2\/users\/1"}],"replies":[{"embeddable":true,"href":"https:\/\/h-dep.com\/fr\/wp-json\/wp\/v2\/comments?post=255"}],"version-history":[{"count":4,"href":"https:\/\/h-dep.com\/fr\/wp-json\/wp\/v2\/pages\/255\/revisions"}],"predecessor-version":[{"id":3825,"href":"https:\/\/h-dep.com\/fr\/wp-json\/wp\/v2\/pages\/255\/revisions\/3825"}],"wp:attachment":[{"href":"https:\/\/h-dep.com\/fr\/wp-json\/wp\/v2\/media?parent=255"}],"curies":[{"name":"wp","href":"https:\/\/api.w.org\/{rel}","templated":true}]}}